{"id":35593,"date":"2025-12-11T03:20:10","date_gmt":"2025-12-11T02:20:10","guid":{"rendered":"http:\/\/events.parcsaintecroix.com\/?page_id=35593"},"modified":"2026-04-09T12:32:15","modified_gmt":"2026-04-09T10:32:15","slug":"contact","status":"publish","type":"page","link":"https:\/\/events.parcsaintecroix.com\/fr\/contact","title":{"rendered":"Contactez-nous"},"content":{"rendered":"\n<section  class=\"wp-block-acf-edito-colored-header  block-index-2 section-content section-colored-header bkg-#1b374a\"  itemprop=\"hasPart\" itemscope itemtype=\"https:\/\/schema.org\/WebPageElement\" style=\" --color: #ffffff; --bg-color: #1b374a; \">\n\n  <div class=\"breadcrumbs-wrapper\">\n      <div class=\"grid-container full breadcrumb-container\">\n    <div class=\"grid-x\">\n      <div class=\"cell\">\n        <div class=\"breadcrumbs\"><span><span><a href=\"https:\/\/events.parcsaintecroix.com\/fr\">Accueil<\/a><\/span>  <span class=\"breadcrumb_last\" aria-current=\"page\">Contactez-nous<\/span><\/span>        <\/div>\n      <\/div>\n    <\/div>\n  <\/div>  <\/div>\n\n  <div class=\"grid-container fluid\">\n    <div class=\"grid-x grid-padding-x align-middle align-center\">\n      <div class=\"cell medium-10 large-9 text-center\">\n        \n\n<h1 class=\"wp-block-heading\" style=\"text-transform:uppercase\">Nous contacter<\/h1>\n\n\n\n<p>Besoin d&rsquo;un renseignement ? Notre \u00e9quipe est disponible pour vous r\u00e9pondre.<\/p>\n\n      <\/div>\n    <\/div>\n  <\/div>\n\n  <svg xmlns=\"http:\/\/www.w3.org\/2000\/svg\" width=\"0\" height=\"0\" style=\"position: absolute; pointer-events: none;\">\n  <defs>\n    <clipPath id=\"huge-premium\" clipPathUnits=\"objectBoundingBox\"  transform=\"scale(0.00073206442166911 0.066666666666667)\">\n      <path data-name=\"premium\" d=\"m854.121 14.373-2.4-1.786c-11.723-.79-24.635-1.169-39.469-1.169-18.33 0-37.576.584-56.187 1.159l-.23.005h-.051c-18.812.574-38.262 1.165-57.236 1.165-7.434 0-14.26-.09-20.873-.269-5.736-.779-10.533-1.881-15.178-2.951-6.717-1.538-13.057-3-21.52-3.366l.1 2.407c-.971.059-1.775.084-2.463.084-2.82 0-3.207-.463-3.705-1.048-.59-.7-1.326-1.56-6.4-2.039l3.814 2.966-19.625.222 3.16-.543h-.2c-3.369 0-6.533.131-8.908.369-2.883.29-4.623.722-5.162 1.286a.576.576 0 0 0-.174.4 3.217 3.217 0 0 1-.436-.765c-.434-.974-.74-1.675-7.8-1.828-.057.786-.721 1.423-2.047 1.934a21.8 21.8 0 0 1-5.121 1.086c-4.217.5-9.916.627-15.426.748-.85.021-1.7.037-2.549.058a.056.056 0 0 0 0-.058c-.051-.142-.559-.285-1.09-.433h-.012c-.584-.163-1.191-.332-1.182-.505.006-.132.379-.253 1.131-.369a96.742 96.742 0 0 1-14.719 1.111 170.713 170.713 0 0 1-18.4-1.238v-.005l-.23-.021a166.461 166.461 0 0 0-17.951-1.217 93.412 93.412 0 0 0-14.875 1.175l.283-.427a114.917 114.917 0 0 0-17.17-1.228c-2.559 0-4.975.063-7.535.126h-.103c-2.369.058-5.053.126-7.838.126a146.329 146.329 0 0 1-17.725-1.059l.814 1.817a237.165 237.165 0 0 0-19.139-.78c-4.986 0-9.863.163-14.5.49l1.389-.569-7.971-.063.287-.427a21.5 21.5 0 0 1-2.832.137c-.973 0-2.08-.027-3.154-.053h-.107a164.345 164.345 0 0 0-3.656-.048 55.214 55.214 0 0 0-7.506.427l.287-.421a30.77 30.77 0 0 0-6.318-.59 58.268 58.268 0 0 0-7.65.564l-4.895-1.654a73.17 73.17 0 0 1-9.654.538c-3.729 0-7.67-.164-11.48-.322l-.906-.037c-2.857-.111-6.158-.227-9.215-.227a54.671 54.671 0 0 0-11.162.88 1.822 1.822 0 0 0 .184.005l-1.086.152c.139-.037.293-.058.455-.084h.021c.143-.021.293-.042.426-.074-2.074-.011-4.3-.016-7.014-.016-6.453 0-13.344.037-19.422.063l-1.506.011h-.547c-6.621.037-14.127.079-21.3.079-7.781 0-14.51-.047-20.562-.147-6.963.158-13.332.237-19.471.237-14.484 0-25.422-.453-35.082-.937-2.77-.143-5.479-.29-8.346-.442l-.082-.005c-12.678-.685-25.783-1.4-44.887-1.649-19.309.59-34.816 1.67-48.5 2.624h-.006c-15.678 1.091-29.215 2.028-44.5 2.028-9.242 0-18.488-.348-28.268-1.069-.057-.005-5.687-.264-12.273-.88C10.493 7.012 5.378 5.8 3.018 4.968a9.967 9.967 0 0 1-1.879-.848h-.137v-.084a1.944 1.944 0 0 1-.988-1.212L.002.005h1366V4.12h-144.164a13.8 13.8 0 0 1-4.064.722 3.894 3.894 0 0 1-.861-.079 275.671 275.671 0 0 1-30.744 1.518c-13.076 0-26.543-.632-39.572-1.238h-.025c-7.209-.339-14.553-.683-21.863-.922h-32.242c-5.588.254-10.785.663-15.686 1.232-2.5.2-5.131.412-7.916.638l-.912.074c-14.209 1.154-31.893 2.592-49.223 3.535-14.875.827-27.008 1.232-37.1 1.232-7.484 0-13.951-.231-19.219-.679-11.588.058-22.232.922-32.527 1.749h-.016l-1.076.089c-7.516.617-16.475 1.249-25.947 1.249-2.289 0-4.578-.037-6.82-.11l-6.252-1.513c-.937.195-1.668.369-2.318.522a25.482 25.482 0 0 1-7.486.764h-.3c.813-.168 1.207-.327 1.207-.5 0-.29-1.217-.537-2.391-.78a32.608 32.608 0 0 1-1.191-.258l-6.252 1.3a2.237 2.237 0 0 0-1.746-.532 31.754 31.754 0 0 0-6.953 1.427l-.057.016h-.016a30.912 30.912 0 0 1-6.641 1.417c-.846.007-1.338-.198-1.508-.62Z\"><\/path>\n    <\/clipPath>\n  <\/defs>\n<\/svg>  <svg xmlns=\"http:\/\/www.w3.org\/2000\/svg\" width=\"0\" height=\"0\" style=\"position: absolute; pointer-events: none;\">\n  <defs>\n    <clipPath id=\"huge-premium-mobile\" clipPathUnits=\"objectBoundingBox\"  transform=\"scale(0.0026666666666667 0.058823529411765)\">\n      <path data-name=\"premium mobile\" d=\"M358.249 17a.725.725 0 0 1-.077-.144l-2.4-1.794c-30.216-2.026-63.02-1.014-96.22 0-26.255.8-52.757 1.6-78.424.9-13.966-1.9-22.391-5.7-36.818-6.333l.1 2.417c-10 .58-2.188-2.028-12.608-3.012l3.826 2.972-19.691.221 3.168-.547c-6.866-.01-14.519.51-14.492 2.056-1.125-1.378.526-2.406-8.271-2.593-.245 3.532-13.146 3.546-25.229 3.832.273-.431-4.391-.882-1.111-1.381-13.15 2.011-23.383.914-33.514-.153s-20.162-2.067-32.932-.043l.285-.427q-1.993-.287-3.837-.494V0h375v15c-1.214-.973-4.938.035-8.582 1.043-1.248.346-2.486.691-3.611.956Z\"><\/path>\n    <\/clipPath>\n  <\/defs>\n<\/svg><\/section>\n\n\n\n<section  class=\"wp-block-acf-sub-navigation  block-index-3 section-content section-sub-navigation\"   itemprop=\"hasPart\" itemscope itemtype=\"https:\/\/schema.org\/WebPageElement\">\n      <div class=\"scroll-nav-watcher\">\n      <ul class=\"nav-links\">\n                  <li>\n            <a href=\"#rdv\">Prendre rendez vous<\/a>\n          <\/li>\n                  <li>\n            <a href=\"#devis\">Demander un devis<\/a>\n          <\/li>\n              <\/ul>\n    <\/div>\n  <\/section>\n\n\n<section class=\"block-grid-wrapper block-grid-for-core-heading\">\n      <div class=\"default-editor-content grid-for-core-heading grid-container fluid fluid\">\n        <div class=\"grid-x grid-padding-x align-center\">\n          <div class=\"cell\">\n            \n<h2 class=\"wp-block-heading has-text-align-center\" id=\"rdv\">Prenez rendez-vous<\/h2>\n          <\/div>\n        <\/div>\n      <\/div>\n\n      <\/section>\n\n<section class=\"block-grid-wrapper block-grid-for-core-paragraph\">\n      <div class=\"default-editor-content grid-for-core-paragraph grid-container fluid fluid\">\n        <div class=\"grid-x grid-padding-x align-center\">\n          <div class=\"cell\">\n            \n<p class=\"has-text-align-center\">Un projet de s\u00e9minaire sur mesure ? Notre \u00e9quipe est \u00e0 votre \u00e9coute pour comprendre vos besoins et concevoir, \u00e0 vos c\u00f4t\u00e9s, un projet qui vous ressemble.<\/p>\n          <\/div>\n        <\/div>\n      <\/div>\n\n      <\/section>\n\n<section class=\"block-grid-wrapper block-grid-for-core-html\">\n      <div class=\"default-editor-content grid-for-core-html grid-container fluid fluid\">\n        <div class=\"grid-x grid-padding-x align-center\">\n          <div class=\"cell\">\n            \n<!-- Start of Meetings Embed Script -->\n\n    <div class=\"meetings-iframe-container\" data-src=\"https:\/\/meetings-eu1.hubspot.com\/thea-broquard?embed=true\"><\/div>\n\n    <script type=\"text\/javascript\" src=\"https:\/\/static.hsappstatic.net\/MeetingsEmbed\/ex\/MeetingsEmbedCode.js\"><\/script>\n\n  <!-- End of Meetings Embed Script -->\n          <\/div>\n        <\/div>\n      <\/div>\n\n      <\/section>\n\n<section class=\"block-grid-wrapper block-grid-for-core-paragraph\">\n      <div class=\"default-editor-content grid-for-core-paragraph grid-container fluid fluid\">\n        <div class=\"grid-x grid-padding-x align-center\">\n          <div class=\"cell\">\n            \n<p><\/p>\n          <\/div>\n        <\/div>\n      <\/div>\n\n      <\/section>\n\n<section class=\"block-grid-wrapper block-grid-for-core-heading\">\n      <div class=\"default-editor-content grid-for-core-heading grid-container fluid fluid\">\n        <div class=\"grid-x grid-padding-x align-center\">\n          <div class=\"cell\">\n            \n<h2 class=\"wp-block-heading\" id=\"devis\">Demander un devis<\/h2>\n          <\/div>\n        <\/div>\n      <\/div>\n\n      <\/section>\n\n<section class=\"block-grid-wrapper block-grid-for-core-paragraph\">\n      <div class=\"default-editor-content grid-for-core-paragraph grid-container fluid fluid\">\n        <div class=\"grid-x grid-padding-x align-center\">\n          <div class=\"cell\">\n            \n<p>Nous serions ravis d\u2019organiser votre \u00e9v\u00e9nement ! Remplissez le formulaire pour obtenir votre devis.<\/p>\n          <\/div>\n        <\/div>\n      <\/div>\n\n      <\/section>\n\n<section class=\"block-grid-wrapper block-grid-for-core-html\">\n      <div class=\"default-editor-content grid-for-core-html grid-container fluid fluid\">\n        <div class=\"grid-x grid-padding-x align-center\">\n          <div class=\"cell\">\n            \n<script charset=\"utf-8\" type=\"text\/javascript\" src=\"\/\/js-eu1.hsforms.net\/forms\/embed\/v2.js\"><\/script>\n<script>\n  hbspt.forms.create({\n    portalId: \"144680697\",\n    formId: \"238b686b-99a2-451d-aba7-201bc1ddfd0c\",\n    region: \"eu1\"\n  });\n<\/script>\n          <\/div>\n        <\/div>\n      <\/div>\n\n      <\/section>\n\n<section class=\"block-grid-wrapper block-grid-for-core-paragraph\">\n      <div class=\"default-editor-content grid-for-core-paragraph grid-container fluid fluid\">\n        <div class=\"grid-x grid-padding-x align-center\">\n          <div class=\"cell\">\n            \n<p><\/p>\n          <\/div>\n        <\/div>\n      <\/div>\n\n      <\/section>","protected":false},"excerpt":{"rendered":"<p>Prenez rendez-vous Un projet de s\u00e9minaire sur mesure ? Notre \u00e9quipe est \u00e0 votre \u00e9coute pour comprendre vos besoins et concevoir, \u00e0 vos c\u00f4t\u00e9s, un projet qui vous ressemble. Demander un devis Nous serions ravis d\u2019organiser votre \u00e9v\u00e9nement ! Remplissez le formulaire pour obtenir votre devis.<\/p>\n","protected":false},"author":1,"featured_media":39623,"parent":0,"menu_order":0,"comment_status":"closed","ping_status":"closed","template":"page-contact.php","meta":{"_acf_changed":false,"footnotes":""},"class_list":["post-35593","page","type-page","status-publish","has-post-thumbnail","hentry"],"acf":[],"yoast_head":"<!-- This site is optimized with the Yoast SEO plugin v27.3 - https:\/\/yoast.com\/product\/yoast-seo-wordpress\/ -->\n<title>Contactez-nous | Sainte-Croix Events<\/title>\n<meta name=\"description\" content=\"Vous avez des questions ? Vous souhaitez organiser un s\u00e9minaire ? N&#039;h\u00e9sitez pas \u00e0 nous contacter pour cr\u00e9er ensemble votre \u00e9v\u00e8nement\" \/>\n<meta name=\"robots\" content=\"index, follow, max-snippet:-1, max-image-preview:large, max-video-preview:-1\" \/>\n<link rel=\"canonical\" href=\"https:\/\/events.parcsaintecroix.com\/fr\/contact\" \/>\n<meta property=\"og:locale\" content=\"fr_FR\" \/>\n<meta property=\"og:type\" content=\"article\" \/>\n<meta property=\"og:title\" content=\"Contactez-nous | Sainte-Croix Events\" \/>\n<meta property=\"og:description\" content=\"Vous avez des questions ? Vous souhaitez organiser un s\u00e9minaire ? N&#039;h\u00e9sitez pas \u00e0 nous contacter pour cr\u00e9er ensemble votre \u00e9v\u00e8nement\" \/>\n<meta property=\"og:url\" content=\"https:\/\/events.parcsaintecroix.com\/fr\/contact\" \/>\n<meta property=\"og:site_name\" content=\"Sainte-Croix Events\" \/>\n<meta property=\"article:publisher\" content=\"https:\/\/www.facebook.com\/LodgesSainteCroix\/\" \/>\n<meta property=\"article:modified_time\" content=\"2026-04-09T10:32:15+00:00\" \/>\n<meta property=\"og:image\" content=\"http:\/\/events.parcsaintecroix.com\/wp-content\/uploads\/2026\/03\/seminaire-telephone.jpg\" \/>\n\t<meta property=\"og:image:width\" content=\"2048\" \/>\n\t<meta property=\"og:image:height\" content=\"1365\" \/>\n\t<meta property=\"og:image:type\" content=\"image\/jpeg\" \/>\n<meta name=\"twitter:card\" content=\"summary_large_image\" \/>\n<meta name=\"twitter:site\" content=\"@parc_stecroix\" \/>\n<meta name=\"twitter:label1\" content=\"Dur\u00e9e de lecture estim\u00e9e\" \/>\n\t<meta name=\"twitter:data1\" content=\"1 minute\" \/>\n<script type=\"application\/ld+json\" class=\"yoast-schema-graph\">{\"@context\":\"https:\\\/\\\/schema.org\",\"@graph\":[{\"@type\":\"WebPage\",\"@id\":\"https:\\\/\\\/events.parcsaintecroix.com\\\/fr\\\/contact\",\"url\":\"https:\\\/\\\/events.parcsaintecroix.com\\\/fr\\\/contact\",\"name\":\"Contactez-nous | Sainte-Croix Events\",\"isPartOf\":{\"@id\":\"https:\\\/\\\/events.parcsaintecroix.com\\\/fr\\\/#website\"},\"primaryImageOfPage\":{\"@id\":\"https:\\\/\\\/events.parcsaintecroix.com\\\/fr\\\/contact#primaryimage\"},\"image\":{\"@id\":\"https:\\\/\\\/events.parcsaintecroix.com\\\/fr\\\/contact#primaryimage\"},\"thumbnailUrl\":\"https:\\\/\\\/events.parcsaintecroix.com\\\/wp-content\\\/uploads\\\/2026\\\/03\\\/seminaire-telephone.jpg\",\"datePublished\":\"2025-12-11T02:20:10+00:00\",\"dateModified\":\"2026-04-09T10:32:15+00:00\",\"description\":\"Vous avez des questions ? Vous souhaitez organiser un s\u00e9minaire ? N'h\u00e9sitez pas \u00e0 nous contacter pour cr\u00e9er ensemble votre \u00e9v\u00e8nement\",\"breadcrumb\":{\"@id\":\"https:\\\/\\\/events.parcsaintecroix.com\\\/fr\\\/contact#breadcrumb\"},\"inLanguage\":\"fr-FR\",\"potentialAction\":[{\"@type\":\"ReadAction\",\"target\":[\"https:\\\/\\\/events.parcsaintecroix.com\\\/fr\\\/contact\"]}]},{\"@type\":\"ImageObject\",\"inLanguage\":\"fr-FR\",\"@id\":\"https:\\\/\\\/events.parcsaintecroix.com\\\/fr\\\/contact#primaryimage\",\"url\":\"https:\\\/\\\/events.parcsaintecroix.com\\\/wp-content\\\/uploads\\\/2026\\\/03\\\/seminaire-telephone.jpg\",\"contentUrl\":\"https:\\\/\\\/events.parcsaintecroix.com\\\/wp-content\\\/uploads\\\/2026\\\/03\\\/seminaire-telephone.jpg\",\"width\":2048,\"height\":1365},{\"@type\":\"BreadcrumbList\",\"@id\":\"https:\\\/\\\/events.parcsaintecroix.com\\\/fr\\\/contact#breadcrumb\",\"itemListElement\":[{\"@type\":\"ListItem\",\"position\":1,\"name\":\"Accueil\",\"item\":\"https:\\\/\\\/events.parcsaintecroix.com\\\/fr\"},{\"@type\":\"ListItem\",\"position\":2,\"name\":\"Contactez-nous\"}]},{\"@type\":\"WebSite\",\"@id\":\"https:\\\/\\\/events.parcsaintecroix.com\\\/fr\\\/#website\",\"url\":\"https:\\\/\\\/events.parcsaintecroix.com\\\/fr\\\/\",\"name\":\"Sainte-Croix Events\",\"description\":\"Organiser votre s\u00e9minaire au c\u0153ur de la nature et du vivant\",\"publisher\":{\"@id\":\"https:\\\/\\\/events.parcsaintecroix.com\\\/fr\\\/#organization\"},\"alternateName\":\"PSC\",\"inLanguage\":\"fr-FR\"},{\"@type\":\"Organization\",\"@id\":\"https:\\\/\\\/events.parcsaintecroix.com\\\/fr\\\/#organization\",\"name\":\"Sainte-Croix Events\",\"url\":\"https:\\\/\\\/events.parcsaintecroix.com\\\/fr\\\/\",\"logo\":{\"@type\":\"ImageObject\",\"inLanguage\":\"fr-FR\",\"@id\":\"https:\\\/\\\/events.parcsaintecroix.com\\\/fr\\\/#\\\/schema\\\/logo\\\/image\\\/\",\"url\":\"\",\"contentUrl\":\"\",\"caption\":\"Sainte-Croix Events\"},\"image\":{\"@id\":\"https:\\\/\\\/events.parcsaintecroix.com\\\/fr\\\/#\\\/schema\\\/logo\\\/image\\\/\"},\"sameAs\":[\"https:\\\/\\\/www.facebook.com\\\/LodgesSainteCroix\\\/\",\"https:\\\/\\\/x.com\\\/parc_stecroix\"]}]}<\/script>\n<!-- \/ Yoast SEO plugin. -->","yoast_head_json":{"title":"Contactez-nous | Sainte-Croix Events","description":"Vous avez des questions ? Vous souhaitez organiser un s\u00e9minaire ? N'h\u00e9sitez pas \u00e0 nous contacter pour cr\u00e9er ensemble votre \u00e9v\u00e8nement","robots":{"index":"index","follow":"follow","max-snippet":"max-snippet:-1","max-image-preview":"max-image-preview:large","max-video-preview":"max-video-preview:-1"},"canonical":"https:\/\/events.parcsaintecroix.com\/fr\/contact","og_locale":"fr_FR","og_type":"article","og_title":"Contactez-nous | Sainte-Croix Events","og_description":"Vous avez des questions ? Vous souhaitez organiser un s\u00e9minaire ? N'h\u00e9sitez pas \u00e0 nous contacter pour cr\u00e9er ensemble votre \u00e9v\u00e8nement","og_url":"https:\/\/events.parcsaintecroix.com\/fr\/contact","og_site_name":"Sainte-Croix Events","article_publisher":"https:\/\/www.facebook.com\/LodgesSainteCroix\/","article_modified_time":"2026-04-09T10:32:15+00:00","og_image":[{"width":2048,"height":1365,"url":"http:\/\/events.parcsaintecroix.com\/wp-content\/uploads\/2026\/03\/seminaire-telephone.jpg","type":"image\/jpeg"}],"twitter_card":"summary_large_image","twitter_site":"@parc_stecroix","twitter_misc":{"Dur\u00e9e de lecture estim\u00e9e":"1 minute"},"schema":{"@context":"https:\/\/schema.org","@graph":[{"@type":"WebPage","@id":"https:\/\/events.parcsaintecroix.com\/fr\/contact","url":"https:\/\/events.parcsaintecroix.com\/fr\/contact","name":"Contactez-nous | Sainte-Croix Events","isPartOf":{"@id":"https:\/\/events.parcsaintecroix.com\/fr\/#website"},"primaryImageOfPage":{"@id":"https:\/\/events.parcsaintecroix.com\/fr\/contact#primaryimage"},"image":{"@id":"https:\/\/events.parcsaintecroix.com\/fr\/contact#primaryimage"},"thumbnailUrl":"https:\/\/events.parcsaintecroix.com\/wp-content\/uploads\/2026\/03\/seminaire-telephone.jpg","datePublished":"2025-12-11T02:20:10+00:00","dateModified":"2026-04-09T10:32:15+00:00","description":"Vous avez des questions ? Vous souhaitez organiser un s\u00e9minaire ? N'h\u00e9sitez pas \u00e0 nous contacter pour cr\u00e9er ensemble votre \u00e9v\u00e8nement","breadcrumb":{"@id":"https:\/\/events.parcsaintecroix.com\/fr\/contact#breadcrumb"},"inLanguage":"fr-FR","potentialAction":[{"@type":"ReadAction","target":["https:\/\/events.parcsaintecroix.com\/fr\/contact"]}]},{"@type":"ImageObject","inLanguage":"fr-FR","@id":"https:\/\/events.parcsaintecroix.com\/fr\/contact#primaryimage","url":"https:\/\/events.parcsaintecroix.com\/wp-content\/uploads\/2026\/03\/seminaire-telephone.jpg","contentUrl":"https:\/\/events.parcsaintecroix.com\/wp-content\/uploads\/2026\/03\/seminaire-telephone.jpg","width":2048,"height":1365},{"@type":"BreadcrumbList","@id":"https:\/\/events.parcsaintecroix.com\/fr\/contact#breadcrumb","itemListElement":[{"@type":"ListItem","position":1,"name":"Accueil","item":"https:\/\/events.parcsaintecroix.com\/fr"},{"@type":"ListItem","position":2,"name":"Contactez-nous"}]},{"@type":"WebSite","@id":"https:\/\/events.parcsaintecroix.com\/fr\/#website","url":"https:\/\/events.parcsaintecroix.com\/fr\/","name":"Sainte-Croix Events","description":"Organiser votre s\u00e9minaire au c\u0153ur de la nature et du vivant","publisher":{"@id":"https:\/\/events.parcsaintecroix.com\/fr\/#organization"},"alternateName":"PSC","inLanguage":"fr-FR"},{"@type":"Organization","@id":"https:\/\/events.parcsaintecroix.com\/fr\/#organization","name":"Sainte-Croix Events","url":"https:\/\/events.parcsaintecroix.com\/fr\/","logo":{"@type":"ImageObject","inLanguage":"fr-FR","@id":"https:\/\/events.parcsaintecroix.com\/fr\/#\/schema\/logo\/image\/","url":"","contentUrl":"","caption":"Sainte-Croix Events"},"image":{"@id":"https:\/\/events.parcsaintecroix.com\/fr\/#\/schema\/logo\/image\/"},"sameAs":["https:\/\/www.facebook.com\/LodgesSainteCroix\/","https:\/\/x.com\/parc_stecroix"]}]}},"_links":{"self":[{"href":"https:\/\/events.parcsaintecroix.com\/fr\/wp-json\/wp\/v2\/pages\/35593","targetHints":{"allow":["GET"]}}],"collection":[{"href":"https:\/\/events.parcsaintecroix.com\/fr\/wp-json\/wp\/v2\/pages"}],"about":[{"href":"https:\/\/events.parcsaintecroix.com\/fr\/wp-json\/wp\/v2\/types\/page"}],"author":[{"embeddable":true,"href":"https:\/\/events.parcsaintecroix.com\/fr\/wp-json\/wp\/v2\/users\/1"}],"replies":[{"embeddable":true,"href":"https:\/\/events.parcsaintecroix.com\/fr\/wp-json\/wp\/v2\/comments?post=35593"}],"version-history":[{"count":27,"href":"https:\/\/events.parcsaintecroix.com\/fr\/wp-json\/wp\/v2\/pages\/35593\/revisions"}],"predecessor-version":[{"id":39918,"href":"https:\/\/events.parcsaintecroix.com\/fr\/wp-json\/wp\/v2\/pages\/35593\/revisions\/39918"}],"wp:featuredmedia":[{"embeddable":true,"href":"https:\/\/events.parcsaintecroix.com\/fr\/wp-json\/wp\/v2\/media\/39623"}],"wp:attachment":[{"href":"https:\/\/events.parcsaintecroix.com\/fr\/wp-json\/wp\/v2\/media?parent=35593"}],"curies":[{"name":"wp","href":"https:\/\/api.w.org\/{rel}","templated":true}]}}